{"id":11564,"date":"2021-04-20T18:54:06","date_gmt":"2021-04-20T16:54:06","guid":{"rendered":"https:\/\/secondsouffle.co\/?page_id=11564"},"modified":"2021-08-25T14:36:52","modified_gmt":"2021-08-25T12:36:52","slug":"entretien","status":"publish","type":"page","link":"https:\/\/secondsouffle.co\/index.php\/entretien\/","title":{"rendered":"Entretien"},"content":{"rendered":"\t\t<div data-elementor-type=\"wp-page\" data-elementor-id=\"11564\" class=\"elementor elementor-11564\" data-elementor-settings=\"{&quot;ha_cmc_init_switcher&quot;:&quot;no&quot;}\" data-elementor-post-type=\"page\">\n\t\t\t\t\t\t<section class=\"elementor-section elementor-top-section elementor-element elementor-element-2099032 elementor-section-content-middle elementor-section-boxed elementor-section-height-default elementor-section-height-default\" data-id=\"2099032\" data-element_type=\"section\" data-e-type=\"section\" data-settings=\"{&quot;background_background&quot;:&quot;gradient&quot;,&quot;_ha_eqh_enable&quot;:false}\">\n\t\t\t\t\t\t<div class=\"elementor-container elementor-column-gap-no\">\n\t\t\t\t\t<div class=\"elementor-column elementor-col-100 elementor-top-column elementor-element elementor-element-e6d47f2\" data-id=\"e6d47f2\" data-element_type=\"column\" data-e-type=\"column\">\n\t\t\t<div class=\"elementor-widget-wrap elementor-element-populated\">\n\t\t\t\t\t\t<div class=\"elementor-element elementor-element-54df924 elementor-headline--style-rotate ha-has-bg-overlay elementor-widget elementor-widget-animated-headline\" data-id=\"54df924\" data-element_type=\"widget\" data-e-type=\"widget\" data-settings=\"{&quot;headline_style&quot;:&quot;rotate&quot;,&quot;animation_type&quot;:&quot;typing&quot;,&quot;loop&quot;:&quot;yes&quot;,&quot;rotate_iteration_delay&quot;:2500}\" data-widget_type=\"animated-headline.default\">\n\t\t\t\t<div class=\"elementor-widget-container\">\n\t\t\t\t\t\t\t<h1 class=\"elementor-headline elementor-headline-animation-type-typing elementor-headline-letters\">\n\t\t\t\t\t<span class=\"elementor-headline-plain-text elementor-headline-text-wrapper\">L'entretien de votre logement au quotidien<\/span>\n\t\t\t\t<span class=\"elementor-headline-dynamic-wrapper elementor-headline-text-wrapper\">\n\t\t\t\t<\/span>\n\t\t\t\t<\/h1>\n\t\t\t\t\t\t<\/div>\n\t\t\t\t<\/div>\n\t\t\t\t<div class=\"elementor-element elementor-element-2f2a803 elementor-widget elementor-widget-text-editor\" data-id=\"2f2a803\" data-element_type=\"widget\" data-e-type=\"widget\" data-widget_type=\"text-editor.default\">\n\t\t\t\t<div class=\"elementor-widget-container\">\n\t\t\t\t\t\t\t\t\t<p>Second Souffle vous donne toutes ses astuces pour avoir un int\u00e9rieur propre et sain !\u00a0<\/p>\t\t\t\t\t\t\t\t<\/div>\n\t\t\t\t<\/div>\n\t\t\t\t\t<\/div>\n\t\t<\/div>\n\t\t\t\t\t<\/div>\n\t\t<\/section>\n\t\t\t\t<section class=\"elementor-section elementor-top-section elementor-element elementor-element-6f966d3 elementor-section-boxed elementor-section-height-default elementor-section-height-default\" data-id=\"6f966d3\" data-element_type=\"section\" data-e-type=\"section\" data-settings=\"{&quot;_ha_eqh_enable&quot;:false}\">\n\t\t\t\t\t\t<div class=\"elementor-container elementor-column-gap-default\">\n\t\t\t\t\t<div class=\"elementor-column elementor-col-100 elementor-top-column elementor-element elementor-element-6609a47\" data-id=\"6609a47\" data-element_type=\"column\" data-e-type=\"column\">\n\t\t\t<div class=\"elementor-widget-wrap elementor-element-populated\">\n\t\t\t\t\t\t<div class=\"elementor-element elementor-element-10b4461 elementor-search-form--icon-arrow elementor-search-form--skin-classic elementor-search-form--button-type-icon elementor-widget elementor-widget-search-form\" data-id=\"10b4461\" data-element_type=\"widget\" data-e-type=\"widget\" data-settings=\"{&quot;skin&quot;:&quot;classic&quot;}\" data-widget_type=\"search-form.default\">\n\t\t\t\t<div class=\"elementor-widget-container\">\n\t\t\t\t\t\t\t<search role=\"search\">\n\t\t\t<form class=\"elementor-search-form\" action=\"https:\/\/secondsouffle.co\" method=\"get\">\n\t\t\t\t\t\t\t\t\t\t\t\t<div class=\"elementor-search-form__container\">\n\t\t\t\t\t<label class=\"elementor-screen-only\" for=\"elementor-search-form-10b4461\">Rechercher <\/label>\n\n\t\t\t\t\t\n\t\t\t\t\t<input id=\"elementor-search-form-10b4461\" placeholder=\"Rechercher ...\" class=\"elementor-search-form__input\" type=\"search\" name=\"s\" value=\"\">\n\t\t\t\t\t\n\t\t\t\t\t\t\t\t\t\t\t<button class=\"elementor-search-form__submit\" type=\"submit\" aria-label=\"Rechercher \">\n\t\t\t\t\t\t\t\t\t\t\t\t\t\t\t<div class=\"e-font-icon-svg-container\"><svg class=\"fa fa-arrow-right e-font-icon-svg e-fas-arrow-right\" viewBox=\"0 0 448 512\" xmlns=\"http:\/\/www.w3.org\/2000\/svg\"><path d=\"M190.5 66.9l22.2-22.2c9.4-9.4 24.6-9.4 33.9 0L441 239c9.4 9.4 9.4 24.6 0 33.9L246.6 467.3c-9.4 9.4-24.6 9.4-33.9 0l-22.2-22.2c-9.5-9.5-9.3-25 .4-34.3L311.4 296H24c-13.3 0-24-10.7-24-24v-32c0-13.3 10.7-24 24-24h287.4L190.9 101.2c-9.8-9.3-10-24.8-.4-34.3z\"><\/path><\/svg><\/div>\t\t\t\t\t\t\t\t\t\t\t\t\t<\/button>\n\t\t\t\t\t\n\t\t\t\t\t\t\t\t\t<\/div>\n\t\t\t<\/form>\n\t\t<\/search>\n\t\t\t\t\t\t<\/div>\n\t\t\t\t<\/div>\n\t\t\t\t<div class=\"elementor-element elementor-element-4759229 elementor-grid-3 elementor-grid-tablet-2 elementor-grid-mobile-1 elementor-posts--thumbnail-top elementor-card-shadow-yes elementor-posts__hover-gradient elementor-widget elementor-widget-posts\" data-id=\"4759229\" data-element_type=\"widget\" data-e-type=\"widget\" data-settings=\"{&quot;pagination_type&quot;:&quot;numbers_and_prev_next&quot;,&quot;cards_columns&quot;:&quot;3&quot;,&quot;cards_columns_tablet&quot;:&quot;2&quot;,&quot;cards_columns_mobile&quot;:&quot;1&quot;,&quot;cards_row_gap&quot;:{&quot;unit&quot;:&quot;px&quot;,&quot;size&quot;:35,&quot;sizes&quot;:[]},&quot;cards_row_gap_tablet&quot;:{&quot;unit&quot;:&quot;px&quot;,&quot;size&quot;:&quot;&quot;,&quot;sizes&quot;:[]},&quot;cards_row_gap_mobile&quot;:{&quot;unit&quot;:&quot;px&quot;,&quot;size&quot;:&quot;&quot;,&quot;sizes&quot;:[]}}\" data-widget_type=\"posts.cards\">\n\t\t\t\t<div class=\"elementor-widget-container\">\n\t\t\t\t\t\t\t<div class=\"elementor-posts-container elementor-posts elementor-posts--skin-cards elementor-grid\" role=\"list\">\n\t\t\t\t<article class=\"elementor-post elementor-grid-item post-9807 post type-post status-publish format-standard has-post-thumbnail hentry category-entretien\" role=\"listitem\">\n\t\t\t<div class=\"elementor-post__card\">\n\t\t\t\t<a class=\"elementor-post__thumbnail__link\" href=\"https:\/\/secondsouffle.co\/index.php\/2021\/01\/18\/panique-a-bord-comment-deboucher-ses-toilettes\/\" tabindex=\"-1\" target=\"_blank\"><div class=\"elementor-post__thumbnail\"><img fetchpriority=\"high\" decoding=\"async\" width=\"768\" height=\"1152\" src=\"https:\/\/secondsouffle.co\/wp-content\/uploads\/2021\/01\/comment-deboucher-des-toilettes-768x1152.jpg\" class=\"attachment-medium_large size-medium_large wp-image-9808\" alt=\"\" srcset=\"https:\/\/secondsouffle.co\/wp-content\/uploads\/2021\/01\/comment-deboucher-des-toilettes-768x1152.jpg 768w, https:\/\/secondsouffle.co\/wp-content\/uploads\/2021\/01\/comment-deboucher-des-toilettes-200x300.jpg 200w, https:\/\/secondsouffle.co\/wp-content\/uploads\/2021\/01\/comment-deboucher-des-toilettes-683x1024.jpg 683w, https:\/\/secondsouffle.co\/wp-content\/uploads\/2021\/01\/comment-deboucher-des-toilettes-scaled.jpg 1707w\" sizes=\"(max-width: 768px) 100vw, 768px\" \/><\/div><\/a>\n\t\t\t\t<div class=\"elementor-post__badge\">Entretien<\/div>\n\t\t\t\t<div class=\"elementor-post__text\">\n\t\t\t\t<h3 class=\"elementor-post__title\">\n\t\t\t<a href=\"https:\/\/secondsouffle.co\/index.php\/2021\/01\/18\/panique-a-bord-comment-deboucher-ses-toilettes\/\" target=&quot;_blank&quot;>\n\t\t\t\tPanique \u00e0 bord ! Comment d\u00e9boucher ses toilettes ?\t\t\t<\/a>\n\t\t<\/h3>\n\t\t\t\t<div class=\"elementor-post__excerpt\">\n\t\t\t<p>L\u2019eau monte, l\u2019eau monte, elle va bient\u00f4t d\u00e9border, c\u2019est la panique ! Que faire ?? C\u2019est un probl\u00e8me qui arrive fr\u00e9quemment (bon pas tr\u00e8s glamour je vous l\u2019accorde) et qui peut souvent \u00eatre r\u00e9solu avant l\u2019intervention d\u2019un plombier. Quelles sont ces m\u00e9thodes simples, \u00e0 la port\u00e9e de tous et \u00e9conomiques ?\u00a0<\/p>\n\t\t<\/div>\n\t\t\n\t\t<a class=\"elementor-post__read-more\" href=\"https:\/\/secondsouffle.co\/index.php\/2021\/01\/18\/panique-a-bord-comment-deboucher-ses-toilettes\/\" aria-label=\"En savoir plus sur Panique \u00e0 bord ! Comment d\u00e9boucher ses toilettes ?\" tabindex=\"-1\" target=\"_blank\">\n\t\t\tLire plus \u00bb\t\t<\/a>\n\n\t\t\t\t<\/div>\n\t\t\t\t<div class=\"elementor-post__meta-data\">\n\t\t\t\t\t<span class=\"elementor-post-author\">\n\t\t\tCamille Caire\t\t<\/span>\n\t\t\t\t<span class=\"elementor-post-date\">\n\t\t\t18 janvier 2021\t\t<\/span>\n\t\t\t\t<\/div>\n\t\t\t\t\t<\/div>\n\t\t<\/article>\n\t\t\t\t<article class=\"elementor-post elementor-grid-item post-9215 post type-post status-publish format-standard has-post-thumbnail hentry category-entretien\" role=\"listitem\">\n\t\t\t<div class=\"elementor-post__card\">\n\t\t\t\t<a class=\"elementor-post__thumbnail__link\" href=\"https:\/\/secondsouffle.co\/index.php\/2020\/12\/02\/6-astuces-pour-nettoyer-et-entretenir-du-marbre\/\" tabindex=\"-1\" target=\"_blank\"><div class=\"elementor-post__thumbnail\"><img decoding=\"async\" width=\"768\" height=\"512\" src=\"https:\/\/secondsouffle.co\/wp-content\/uploads\/2020\/12\/6-astuces-pour-entretenir-du-mabre-768x512.jpg\" class=\"attachment-medium_large size-medium_large wp-image-9216\" alt=\"\" srcset=\"https:\/\/secondsouffle.co\/wp-content\/uploads\/2020\/12\/6-astuces-pour-entretenir-du-mabre-768x512.jpg 768w, https:\/\/secondsouffle.co\/wp-content\/uploads\/2020\/12\/6-astuces-pour-entretenir-du-mabre-300x200.jpg 300w, https:\/\/secondsouffle.co\/wp-content\/uploads\/2020\/12\/6-astuces-pour-entretenir-du-mabre-1024x683.jpg 1024w, https:\/\/secondsouffle.co\/wp-content\/uploads\/2020\/12\/6-astuces-pour-entretenir-du-mabre-1536x1024.jpg 1536w, https:\/\/secondsouffle.co\/wp-content\/uploads\/2020\/12\/6-astuces-pour-entretenir-du-mabre-2048x1365.jpg 2048w\" sizes=\"(max-width: 768px) 100vw, 768px\" \/><\/div><\/a>\n\t\t\t\t<div class=\"elementor-post__badge\">Entretien<\/div>\n\t\t\t\t<div class=\"elementor-post__text\">\n\t\t\t\t<h3 class=\"elementor-post__title\">\n\t\t\t<a href=\"https:\/\/secondsouffle.co\/index.php\/2020\/12\/02\/6-astuces-pour-nettoyer-et-entretenir-du-marbre\/\" target=&quot;_blank&quot;>\n\t\t\t\t6 astuces pour nettoyer et entretenir du marbre\t\t\t<\/a>\n\t\t<\/h3>\n\t\t\t\t<div class=\"elementor-post__excerpt\">\n\t\t\t<p>Tr\u00e8s tendance comme plan de travail dans la cuisine ou comme sol dans la salle de bains, le marbre est une pierre naturelle robuste mais tr\u00e8s poreuse. Qu\u2019est-ce que cela veut dire ? Cette pierre est donc fragile et se tache facilement. S\u2019il n\u2019est pas entretenu correctement, il est possible qu\u2019il perde son \u00e9clat et sa couleur. Et m\u00eame pire, des rayures, des taches et des fissures peuvent appara\u00eetre. Dans cet article, je vous donne nos 6 conseils pour nettoyer et entretenir les surfaces en marbre mais aussi la liste des produits \u00e0 ne surtout pas utiliser ! <\/p>\n\t\t<\/div>\n\t\t\n\t\t<a class=\"elementor-post__read-more\" href=\"https:\/\/secondsouffle.co\/index.php\/2020\/12\/02\/6-astuces-pour-nettoyer-et-entretenir-du-marbre\/\" aria-label=\"En savoir plus sur 6 astuces pour nettoyer et entretenir du marbre\" tabindex=\"-1\" target=\"_blank\">\n\t\t\tLire plus \u00bb\t\t<\/a>\n\n\t\t\t\t<\/div>\n\t\t\t\t<div class=\"elementor-post__meta-data\">\n\t\t\t\t\t<span class=\"elementor-post-author\">\n\t\t\tCamille Caire\t\t<\/span>\n\t\t\t\t<span class=\"elementor-post-date\">\n\t\t\t2 d\u00e9cembre 2020\t\t<\/span>\n\t\t\t\t<\/div>\n\t\t\t\t\t<\/div>\n\t\t<\/article>\n\t\t\t\t<article class=\"elementor-post elementor-grid-item post-9134 post type-post status-publish format-standard has-post-thumbnail hentry category-entretien\" role=\"listitem\">\n\t\t\t<div class=\"elementor-post__card\">\n\t\t\t\t<a class=\"elementor-post__thumbnail__link\" href=\"https:\/\/secondsouffle.co\/index.php\/2020\/11\/26\/nos-astuces-pour-nettoyer-un-canape-en-tissu\/\" tabindex=\"-1\" target=\"_blank\"><div class=\"elementor-post__thumbnail\"><img decoding=\"async\" width=\"768\" height=\"463\" src=\"https:\/\/secondsouffle.co\/wp-content\/uploads\/2020\/11\/nettoyage-canape-tissu-768x463.jpg\" class=\"attachment-medium_large size-medium_large wp-image-9135\" alt=\"\" srcset=\"https:\/\/secondsouffle.co\/wp-content\/uploads\/2020\/11\/nettoyage-canape-tissu-768x463.jpg 768w, https:\/\/secondsouffle.co\/wp-content\/uploads\/2020\/11\/nettoyage-canape-tissu-300x181.jpg 300w, https:\/\/secondsouffle.co\/wp-content\/uploads\/2020\/11\/nettoyage-canape-tissu-1024x618.jpg 1024w, https:\/\/secondsouffle.co\/wp-content\/uploads\/2020\/11\/nettoyage-canape-tissu-1536x927.jpg 1536w, https:\/\/secondsouffle.co\/wp-content\/uploads\/2020\/11\/nettoyage-canape-tissu.jpg 1800w\" sizes=\"(max-width: 768px) 100vw, 768px\" \/><\/div><\/a>\n\t\t\t\t<div class=\"elementor-post__badge\">Entretien<\/div>\n\t\t\t\t<div class=\"elementor-post__text\">\n\t\t\t\t<h3 class=\"elementor-post__title\">\n\t\t\t<a href=\"https:\/\/secondsouffle.co\/index.php\/2020\/11\/26\/nos-astuces-pour-nettoyer-un-canape-en-tissu\/\" target=&quot;_blank&quot;>\n\t\t\t\tNos astuces pour nettoyer un canap\u00e9 en tissu\t\t\t<\/a>\n\t\t<\/h3>\n\t\t\t\t<div class=\"elementor-post__excerpt\">\n\t\t\t<p>Entre les poils d\u2019animaux, les taches de boisson ou de nourriture, les traces de pieds des enfants, votre canap\u00e9 peut vite \u00eatre sujet \u00e0 des accidents. Sachant que c\u2019est l\u2019\u00e9l\u00e9ment central du salon, s\u2019il n\u2019est pas propre, il peut faire \u201ctache\u201d dans votre salon. Le secret est de l\u2019entretenir r\u00e9guli\u00e8rement et de le nettoyer directement lorsqu\u2019il est tach\u00e9. Suivez donc dans cet article, nos conseils et nos astuces pour nettoyer votre canap\u00e9 en tissu.<\/p>\n\t\t<\/div>\n\t\t\n\t\t<a class=\"elementor-post__read-more\" href=\"https:\/\/secondsouffle.co\/index.php\/2020\/11\/26\/nos-astuces-pour-nettoyer-un-canape-en-tissu\/\" aria-label=\"En savoir plus sur Nos astuces pour nettoyer un canap\u00e9 en tissu\" tabindex=\"-1\" target=\"_blank\">\n\t\t\tLire plus \u00bb\t\t<\/a>\n\n\t\t\t\t<\/div>\n\t\t\t\t<div class=\"elementor-post__meta-data\">\n\t\t\t\t\t<span class=\"elementor-post-author\">\n\t\t\tCamille Caire\t\t<\/span>\n\t\t\t\t<span class=\"elementor-post-date\">\n\t\t\t26 novembre 2020\t\t<\/span>\n\t\t\t\t<\/div>\n\t\t\t\t\t<\/div>\n\t\t<\/article>\n\t\t\t\t<article class=\"elementor-post elementor-grid-item post-8266 post type-post status-publish format-standard has-post-thumbnail hentry category-entretien category-immobilier\" role=\"listitem\">\n\t\t\t<div class=\"elementor-post__card\">\n\t\t\t\t<a class=\"elementor-post__thumbnail__link\" href=\"https:\/\/secondsouffle.co\/index.php\/2020\/10\/09\/controler-letat-de-la-toiture-avant-un-achat-immobilier\/\" tabindex=\"-1\" target=\"_blank\"><div class=\"elementor-post__thumbnail\"><img loading=\"lazy\" decoding=\"async\" width=\"768\" height=\"1152\" src=\"https:\/\/secondsouffle.co\/wp-content\/uploads\/2020\/10\/toiture-paris-768x1152.jpg\" class=\"attachment-medium_large size-medium_large wp-image-8268\" alt=\"\" srcset=\"https:\/\/secondsouffle.co\/wp-content\/uploads\/2020\/10\/toiture-paris-768x1152.jpg 768w, https:\/\/secondsouffle.co\/wp-content\/uploads\/2020\/10\/toiture-paris-200x300.jpg 200w, https:\/\/secondsouffle.co\/wp-content\/uploads\/2020\/10\/toiture-paris-683x1024.jpg 683w, https:\/\/secondsouffle.co\/wp-content\/uploads\/2020\/10\/toiture-paris-1024x1536.jpg 1024w, https:\/\/secondsouffle.co\/wp-content\/uploads\/2020\/10\/toiture-paris-1365x2048.jpg 1365w, https:\/\/secondsouffle.co\/wp-content\/uploads\/2020\/10\/toiture-paris-scaled.jpg 1707w\" sizes=\"(max-width: 768px) 100vw, 768px\" \/><\/div><\/a>\n\t\t\t\t<div class=\"elementor-post__badge\">Entretien<\/div>\n\t\t\t\t<div class=\"elementor-post__text\">\n\t\t\t\t<h3 class=\"elementor-post__title\">\n\t\t\t<a href=\"https:\/\/secondsouffle.co\/index.php\/2020\/10\/09\/controler-letat-de-la-toiture-avant-un-achat-immobilier\/\" target=&quot;_blank&quot;>\n\t\t\t\tContr\u00f4ler l\u2019\u00e9tat de la toiture avant un achat immobilier\t\t\t<\/a>\n\t\t<\/h3>\n\t\t\t\t<div class=\"elementor-post__excerpt\">\n\t\t\t<p>La toiture, la grande oubli\u00e9e pendant les visites pour l&rsquo;achat d\u2019un bien immobilier ! Mais en v\u00e9rit\u00e9, la toiture joue un r\u00f4le essentiel car c\u2019est \u00e0 travers elle que l\u2019eau risque de s\u2019infiltrer et provoquer de sinistres. Mais pas de panique, suivez les \u00e9tapes, et gr\u00e2ce \u00e0 cet article, vous deviendrez incollable pour d\u00e9tecter une toiture en mauvais ou bon \u00e9tat.<\/p>\n\t\t<\/div>\n\t\t\n\t\t<a class=\"elementor-post__read-more\" href=\"https:\/\/secondsouffle.co\/index.php\/2020\/10\/09\/controler-letat-de-la-toiture-avant-un-achat-immobilier\/\" aria-label=\"En savoir plus sur Contr\u00f4ler l\u2019\u00e9tat de la toiture avant un achat immobilier\" tabindex=\"-1\" target=\"_blank\">\n\t\t\tLire plus \u00bb\t\t<\/a>\n\n\t\t\t\t<\/div>\n\t\t\t\t<div class=\"elementor-post__meta-data\">\n\t\t\t\t\t<span class=\"elementor-post-author\">\n\t\t\tCamille Caire\t\t<\/span>\n\t\t\t\t<span class=\"elementor-post-date\">\n\t\t\t9 octobre 2020\t\t<\/span>\n\t\t\t\t<\/div>\n\t\t\t\t\t<\/div>\n\t\t<\/article>\n\t\t\t\t<article class=\"elementor-post elementor-grid-item post-7806 post type-post status-publish format-standard has-post-thumbnail hentry category-entretien\" role=\"listitem\">\n\t\t\t<div class=\"elementor-post__card\">\n\t\t\t\t<a class=\"elementor-post__thumbnail__link\" href=\"https:\/\/secondsouffle.co\/index.php\/2020\/09\/17\/peindre-des-volets-en-bois-notre-guide-complet\/\" tabindex=\"-1\" target=\"_blank\"><div class=\"elementor-post__thumbnail\"><img loading=\"lazy\" decoding=\"async\" width=\"768\" height=\"509\" src=\"https:\/\/secondsouffle.co\/wp-content\/uploads\/2020\/09\/volet-a-peindre-768x509.jpg\" class=\"attachment-medium_large size-medium_large wp-image-7808\" alt=\"\" srcset=\"https:\/\/secondsouffle.co\/wp-content\/uploads\/2020\/09\/volet-a-peindre-768x509.jpg 768w, https:\/\/secondsouffle.co\/wp-content\/uploads\/2020\/09\/volet-a-peindre-300x199.jpg 300w, https:\/\/secondsouffle.co\/wp-content\/uploads\/2020\/09\/volet-a-peindre-1024x679.jpg 1024w, https:\/\/secondsouffle.co\/wp-content\/uploads\/2020\/09\/volet-a-peindre-1536x1018.jpg 1536w, https:\/\/secondsouffle.co\/wp-content\/uploads\/2020\/09\/volet-a-peindre-2048x1358.jpg 2048w\" sizes=\"(max-width: 768px) 100vw, 768px\" \/><\/div><\/a>\n\t\t\t\t<div class=\"elementor-post__badge\">Entretien<\/div>\n\t\t\t\t<div class=\"elementor-post__text\">\n\t\t\t\t<h3 class=\"elementor-post__title\">\n\t\t\t<a href=\"https:\/\/secondsouffle.co\/index.php\/2020\/09\/17\/peindre-des-volets-en-bois-notre-guide-complet\/\" target=&quot;_blank&quot;>\n\t\t\t\tPeindre des volets en bois : notre guide complet\t\t\t<\/a>\n\t\t<\/h3>\n\t\t\t\t<div class=\"elementor-post__excerpt\">\n\t\t\t<p>Peindre ses volets en bois est une t\u00e2che \u00e0 r\u00e9aliser r\u00e9guli\u00e8rement si vous voulez prot\u00e9ger vos volets. En plus, niveau entretien, c\u2019est facile ! Vous pouvez facilement le faire seul(e).\u00a0Voici notre guide complet pour peindre vos volets en bois.<\/p>\n\t\t<\/div>\n\t\t\n\t\t<a class=\"elementor-post__read-more\" href=\"https:\/\/secondsouffle.co\/index.php\/2020\/09\/17\/peindre-des-volets-en-bois-notre-guide-complet\/\" aria-label=\"En savoir plus sur Peindre des volets en bois : notre guide complet\" tabindex=\"-1\" target=\"_blank\">\n\t\t\tLire plus \u00bb\t\t<\/a>\n\n\t\t\t\t<\/div>\n\t\t\t\t<div class=\"elementor-post__meta-data\">\n\t\t\t\t\t<span class=\"elementor-post-author\">\n\t\t\tCamille Caire\t\t<\/span>\n\t\t\t\t<span class=\"elementor-post-date\">\n\t\t\t17 septembre 2020\t\t<\/span>\n\t\t\t\t<\/div>\n\t\t\t\t\t<\/div>\n\t\t<\/article>\n\t\t\t\t<article class=\"elementor-post elementor-grid-item post-510 post type-post status-publish format-standard has-post-thumbnail hentry category-entretien\" role=\"listitem\">\n\t\t\t<div class=\"elementor-post__card\">\n\t\t\t\t<a class=\"elementor-post__thumbnail__link\" href=\"https:\/\/secondsouffle.co\/index.php\/2020\/02\/06\/comment-entretenir-un-parquet\/\" tabindex=\"-1\" target=\"_blank\"><div class=\"elementor-post__thumbnail\"><img loading=\"lazy\" decoding=\"async\" width=\"768\" height=\"512\" src=\"https:\/\/secondsouffle.co\/wp-content\/uploads\/2020\/02\/entretenir-parquet-768x512.jpg\" class=\"attachment-medium_large size-medium_large wp-image-512\" alt=\"Comment entretenir son parquet\" srcset=\"https:\/\/secondsouffle.co\/wp-content\/uploads\/2020\/02\/entretenir-parquet-768x512.jpg 768w, https:\/\/secondsouffle.co\/wp-content\/uploads\/2020\/02\/entretenir-parquet-300x200.jpg 300w, https:\/\/secondsouffle.co\/wp-content\/uploads\/2020\/02\/entretenir-parquet-1024x683.jpg 1024w, https:\/\/secondsouffle.co\/wp-content\/uploads\/2020\/02\/entretenir-parquet-1536x1024.jpg 1536w, https:\/\/secondsouffle.co\/wp-content\/uploads\/2020\/02\/entretenir-parquet-2048x1365.jpg 2048w\" sizes=\"(max-width: 768px) 100vw, 768px\" \/><\/div><\/a>\n\t\t\t\t<div class=\"elementor-post__badge\">Entretien<\/div>\n\t\t\t\t<div class=\"elementor-post__text\">\n\t\t\t\t<h3 class=\"elementor-post__title\">\n\t\t\t<a href=\"https:\/\/secondsouffle.co\/index.php\/2020\/02\/06\/comment-entretenir-un-parquet\/\" target=&quot;_blank&quot;>\n\t\t\t\tComment entretenir un parquet ?\t\t\t<\/a>\n\t\t<\/h3>\n\t\t\t\t<div class=\"elementor-post__excerpt\">\n\t\t\t<p>Envie de changer le sol de sa maison ? De nombreuses solutions en parquet  qui s\u2019adapteront \u00e0 votre budget et vos go\u00fbts esth\u00e9tiques existent. <\/p>\n\t\t<\/div>\n\t\t\n\t\t<a class=\"elementor-post__read-more\" href=\"https:\/\/secondsouffle.co\/index.php\/2020\/02\/06\/comment-entretenir-un-parquet\/\" aria-label=\"En savoir plus sur Comment entretenir un parquet ?\" tabindex=\"-1\" target=\"_blank\">\n\t\t\tLire plus \u00bb\t\t<\/a>\n\n\t\t\t\t<\/div>\n\t\t\t\t<div class=\"elementor-post__meta-data\">\n\t\t\t\t\t<span class=\"elementor-post-author\">\n\t\t\tCamille Caire\t\t<\/span>\n\t\t\t\t<span class=\"elementor-post-date\">\n\t\t\t6 f\u00e9vrier 2020\t\t<\/span>\n\t\t\t\t<\/div>\n\t\t\t\t\t<\/div>\n\t\t<\/article>\n\t\t\t\t<\/div>\n\t\t\n\t\t\t\t\t\t<\/div>\n\t\t\t\t<\/div>\n\t\t\t\t\t<\/div>\n\t\t<\/div>\n\t\t\t\t\t<\/div>\n\t\t<\/section>\n\t\t\t\t<\/div>\n\t\t","protected":false},"excerpt":{"rendered":"<p>Second Souffle vous donne toutes ses astuces pour avoir un int\u00e9rieur propre et sain ! <\/p>\n","protected":false},"author":1,"featured_media":9135,"parent":0,"menu_order":0,"comment_status":"closed","ping_status":"closed","template":"","meta":{"_monsterinsights_skip_tracking":false,"_monsterinsights_sitenote_active":false,"_monsterinsights_sitenote_note":"","_monsterinsights_sitenote_category":0,"footnotes":""},"class_list":["post-11564","page","type-page","status-publish","has-post-thumbnail","hentry"],"aioseo_notices":[],"amp_enabled":true,"_links":{"self":[{"href":"https:\/\/secondsouffle.co\/index.php\/wp-json\/wp\/v2\/pages\/11564","targetHints":{"allow":["GET"]}}],"collection":[{"href":"https:\/\/secondsouffle.co\/index.php\/wp-json\/wp\/v2\/pages"}],"about":[{"href":"https:\/\/secondsouffle.co\/index.php\/wp-json\/wp\/v2\/types\/page"}],"author":[{"embeddable":true,"href":"https:\/\/secondsouffle.co\/index.php\/wp-json\/wp\/v2\/users\/1"}],"replies":[{"embeddable":true,"href":"https:\/\/secondsouffle.co\/index.php\/wp-json\/wp\/v2\/comments?post=11564"}],"version-history":[{"count":0,"href":"https:\/\/secondsouffle.co\/index.php\/wp-json\/wp\/v2\/pages\/11564\/revisions"}],"wp:featuredmedia":[{"embeddable":true,"href":"https:\/\/secondsouffle.co\/index.php\/wp-json\/wp\/v2\/media\/9135"}],"wp:attachment":[{"href":"https:\/\/secondsouffle.co\/index.php\/wp-json\/wp\/v2\/media?parent=11564"}],"curies":[{"name":"wp","href":"https:\/\/api.w.org\/{rel}","templated":true}]}}