{"id":923,"date":"2020-02-28T16:57:17","date_gmt":"2020-02-28T15:57:17","guid":{"rendered":"http:\/\/secondsouffle.co\/?page_id=923"},"modified":"2021-09-06T16:50:05","modified_gmt":"2021-09-06T14:50:05","slug":"projet-modelisation-3d-et-360","status":"publish","type":"page","link":"https:\/\/secondsouffle.co\/index.php\/projet-modelisation-3d-et-360\/","title":{"rendered":"Projet mod\u00e9lisation 3D et 360"},"content":{"rendered":"\t\t<div data-elementor-type=\"wp-page\" data-elementor-id=\"923\" class=\"elementor elementor-923\" data-elementor-settings=\"{&quot;ha_cmc_init_switcher&quot;:&quot;no&quot;}\" data-elementor-post-type=\"page\">\n\t\t\t\t\t\t<section class=\"elementor-section elementor-top-section elementor-element elementor-element-0a7d927 elementor-section-content-middle elementor-section-boxed elementor-section-height-default elementor-section-height-default\" data-id=\"0a7d927\" data-element_type=\"section\" data-e-type=\"section\" data-settings=\"{&quot;background_background&quot;:&quot;gradient&quot;,&quot;_ha_eqh_enable&quot;:false}\">\n\t\t\t\t\t\t<div class=\"elementor-container elementor-column-gap-no\">\n\t\t\t\t\t<div class=\"elementor-column elementor-col-100 elementor-top-column elementor-element elementor-element-2688ae9\" data-id=\"2688ae9\" data-element_type=\"column\" data-e-type=\"column\">\n\t\t\t<div class=\"elementor-widget-wrap elementor-element-populated\">\n\t\t\t\t\t\t<div class=\"elementor-element elementor-element-f779e1b elementor-widget elementor-widget-heading\" data-id=\"f779e1b\" data-element_type=\"widget\" data-e-type=\"widget\" data-widget_type=\"heading.default\">\n\t\t\t\t<div class=\"elementor-widget-container\">\n\t\t\t\t\t<h1 class=\"elementor-heading-title elementor-size-default\">Nos mod\u00e9lisations<\/h1>\t\t\t\t<\/div>\n\t\t\t\t<\/div>\n\t\t\t\t<div class=\"elementor-element elementor-element-45f2c72 elementor-widget elementor-widget-text-editor\" data-id=\"45f2c72\" data-element_type=\"widget\" data-e-type=\"widget\" data-widget_type=\"text-editor.default\">\n\t\t\t\t<div class=\"elementor-widget-container\">\n\t\t\t\t\t\t\t\t\t<p>3D ET 360\u00b0<\/p>\t\t\t\t\t\t\t\t<\/div>\n\t\t\t\t<\/div>\n\t\t\t\t\t<\/div>\n\t\t<\/div>\n\t\t\t\t\t<\/div>\n\t\t<\/section>\n\t\t\t\t<section class=\"elementor-section elementor-top-section elementor-element elementor-element-8bad361 elementor-section-boxed elementor-section-height-default elementor-section-height-default\" data-id=\"8bad361\" data-element_type=\"section\" data-e-type=\"section\" data-settings=\"{&quot;_ha_eqh_enable&quot;:false}\">\n\t\t\t\t\t\t<div class=\"elementor-container elementor-column-gap-default\">\n\t\t\t\t\t<div class=\"elementor-column elementor-col-100 elementor-top-column elementor-element elementor-element-acf110d\" data-id=\"acf110d\" data-element_type=\"column\" data-e-type=\"column\">\n\t\t\t<div class=\"elementor-widget-wrap elementor-element-populated\">\n\t\t\t\t\t\t<div class=\"elementor-element elementor-element-1704966 elementor-widget elementor-widget-spacer\" data-id=\"1704966\" data-element_type=\"widget\" data-e-type=\"widget\" data-widget_type=\"spacer.default\">\n\t\t\t\t<div class=\"elementor-widget-container\">\n\t\t\t\t\t\t\t<div class=\"elementor-spacer\">\n\t\t\t<div class=\"elementor-spacer-inner\"><\/div>\n\t\t<\/div>\n\t\t\t\t\t\t<\/div>\n\t\t\t\t<\/div>\n\t\t\t\t<div class=\"elementor-element elementor-element-fd79308 ha-has-bg-overlay elementor-widget elementor-widget-heading\" data-id=\"fd79308\" data-element_type=\"widget\" data-e-type=\"widget\" data-widget_type=\"heading.default\">\n\t\t\t\t<div class=\"elementor-widget-container\">\n\t\t\t\t\t<h2 class=\"elementor-heading-title elementor-size-default\">Nos Mod\u00e9lisations 3D <\/h2>\t\t\t\t<\/div>\n\t\t\t\t<\/div>\n\t\t\t\t<div class=\"elementor-element elementor-element-e1a4461 elementor-widget elementor-widget-gallery\" data-id=\"e1a4461\" data-element_type=\"widget\" data-e-type=\"widget\" data-settings=\"{&quot;columns&quot;:3,&quot;aspect_ratio&quot;:&quot;4:3&quot;,&quot;lazyload&quot;:&quot;yes&quot;,&quot;gallery_layout&quot;:&quot;grid&quot;,&quot;columns_tablet&quot;:2,&quot;columns_mobile&quot;:1,&quot;gap&quot;:{&quot;unit&quot;:&quot;px&quot;,&quot;size&quot;:10,&quot;sizes&quot;:[]},&quot;gap_tablet&quot;:{&quot;unit&quot;:&quot;px&quot;,&quot;size&quot;:10,&quot;sizes&quot;:[]},&quot;gap_mobile&quot;:{&quot;unit&quot;:&quot;px&quot;,&quot;size&quot;:10,&quot;sizes&quot;:[]},&quot;link_to&quot;:&quot;file&quot;,&quot;content_hover_animation&quot;:&quot;fade-in&quot;}\" data-widget_type=\"gallery.default\">\n\t\t\t\t<div class=\"elementor-widget-container\">\n\t\t\t\t\t\t\t<div class=\"elementor-gallery__container\">\n\t\t\t\t\t\t\t<a class=\"e-gallery-item elementor-gallery-item elementor-animated-content\" href=\"https:\/\/secondsouffle.co\/wp-content\/uploads\/2020\/02\/modelisation-360-cuisine-2-scaled.jpg\" data-elementor-open-lightbox=\"yes\" data-elementor-lightbox-slideshow=\"e1a4461\" data-elementor-lightbox-title=\"modelisation-360-cuisine-2\" data-e-action-hash=\"#elementor-action%3Aaction%3Dlightbox%26settings%3DeyJpZCI6OTcyLCJ1cmwiOiJodHRwczpcL1wvc2Vjb25kc291ZmZsZS5jb1wvd3AtY29udGVudFwvdXBsb2Fkc1wvMjAyMFwvMDJcL21vZGVsaXNhdGlvbi0zNjAtY3Vpc2luZS0yLXNjYWxlZC5qcGciLCJzbGlkZXNob3ciOiJlMWE0NDYxIn0%3D\">\n\t\t\t\t\t<div class=\"e-gallery-image elementor-gallery-item__image\" data-thumbnail=\"https:\/\/secondsouffle.co\/wp-content\/uploads\/2020\/02\/modelisation-360-cuisine-2-768x384.jpg\" data-width=\"768\" data-height=\"384\" aria-label=\"\" role=\"img\" ><\/div>\n\t\t\t\t\t\t\t\t\t\t\t\t\t\t<\/a>\n\t\t\t\t\t\t\t<a class=\"e-gallery-item elementor-gallery-item elementor-animated-content\" href=\"https:\/\/secondsouffle.co\/wp-content\/uploads\/2020\/02\/modelisation-360-cuisine-scaled.jpg\" data-elementor-open-lightbox=\"yes\" data-elementor-lightbox-slideshow=\"e1a4461\" data-elementor-lightbox-title=\"modelisation-360-cuisine\" data-e-action-hash=\"#elementor-action%3Aaction%3Dlightbox%26settings%3DeyJpZCI6OTcxLCJ1cmwiOiJodHRwczpcL1wvc2Vjb25kc291ZmZsZS5jb1wvd3AtY29udGVudFwvdXBsb2Fkc1wvMjAyMFwvMDJcL21vZGVsaXNhdGlvbi0zNjAtY3Vpc2luZS1zY2FsZWQuanBnIiwic2xpZGVzaG93IjoiZTFhNDQ2MSJ9\">\n\t\t\t\t\t<div class=\"e-gallery-image elementor-gallery-item__image\" data-thumbnail=\"https:\/\/secondsouffle.co\/wp-content\/uploads\/2020\/02\/modelisation-360-cuisine-768x384.jpg\" data-width=\"768\" data-height=\"384\" aria-label=\"\" role=\"img\" ><\/div>\n\t\t\t\t\t\t\t\t\t\t\t\t\t\t<\/a>\n\t\t\t\t\t\t\t<a class=\"e-gallery-item elementor-gallery-item elementor-animated-content\" href=\"https:\/\/secondsouffle.co\/wp-content\/uploads\/2020\/02\/modelisation-360-salon-scaled.jpg\" data-elementor-open-lightbox=\"yes\" data-elementor-lightbox-slideshow=\"e1a4461\" data-elementor-lightbox-title=\"modelisation-360-salon\" data-e-action-hash=\"#elementor-action%3Aaction%3Dlightbox%26settings%3DeyJpZCI6OTcwLCJ1cmwiOiJodHRwczpcL1wvc2Vjb25kc291ZmZsZS5jb1wvd3AtY29udGVudFwvdXBsb2Fkc1wvMjAyMFwvMDJcL21vZGVsaXNhdGlvbi0zNjAtc2Fsb24tc2NhbGVkLmpwZyIsInNsaWRlc2hvdyI6ImUxYTQ0NjEifQ%3D%3D\">\n\t\t\t\t\t<div class=\"e-gallery-image elementor-gallery-item__image\" data-thumbnail=\"https:\/\/secondsouffle.co\/wp-content\/uploads\/2020\/02\/modelisation-360-salon-768x384.jpg\" data-width=\"768\" data-height=\"384\" aria-label=\"\" role=\"img\" ><\/div>\n\t\t\t\t\t\t\t\t\t\t\t\t\t\t<\/a>\n\t\t\t\t\t\t\t<a class=\"e-gallery-item elementor-gallery-item elementor-animated-content\" href=\"https:\/\/secondsouffle.co\/wp-content\/uploads\/2020\/06\/Visiontech-Issy-3.jpg\" data-elementor-open-lightbox=\"yes\" data-elementor-lightbox-slideshow=\"e1a4461\" data-elementor-lightbox-title=\"Visiontech Issy 3\" data-e-action-hash=\"#elementor-action%3Aaction%3Dlightbox%26settings%3DeyJpZCI6NTk0MiwidXJsIjoiaHR0cHM6XC9cL3NlY29uZHNvdWZmbGUuY29cL3dwLWNvbnRlbnRcL3VwbG9hZHNcLzIwMjBcLzA2XC9WaXNpb250ZWNoLUlzc3ktMy5qcGciLCJzbGlkZXNob3ciOiJlMWE0NDYxIn0%3D\">\n\t\t\t\t\t<div class=\"e-gallery-image elementor-gallery-item__image\" data-thumbnail=\"https:\/\/secondsouffle.co\/wp-content\/uploads\/2020\/06\/Visiontech-Issy-3-768x384.jpg\" data-width=\"768\" data-height=\"384\" aria-label=\"\" role=\"img\" ><\/div>\n\t\t\t\t\t\t\t\t\t\t\t\t\t\t<\/a>\n\t\t\t\t\t\t\t<a class=\"e-gallery-item elementor-gallery-item elementor-animated-content\" href=\"https:\/\/secondsouffle.co\/wp-content\/uploads\/2020\/06\/Visiontech-Issy-suite-1.jpg\" data-elementor-open-lightbox=\"yes\" data-elementor-lightbox-slideshow=\"e1a4461\" data-elementor-lightbox-title=\"Visiontech Issy suite 1\" data-e-action-hash=\"#elementor-action%3Aaction%3Dlightbox%26settings%3DeyJpZCI6NTk0MSwidXJsIjoiaHR0cHM6XC9cL3NlY29uZHNvdWZmbGUuY29cL3dwLWNvbnRlbnRcL3VwbG9hZHNcLzIwMjBcLzA2XC9WaXNpb250ZWNoLUlzc3ktc3VpdGUtMS5qcGciLCJzbGlkZXNob3ciOiJlMWE0NDYxIn0%3D\">\n\t\t\t\t\t<div class=\"e-gallery-image elementor-gallery-item__image\" data-thumbnail=\"https:\/\/secondsouffle.co\/wp-content\/uploads\/2020\/06\/Visiontech-Issy-suite-1-768x384.jpg\" data-width=\"768\" data-height=\"384\" aria-label=\"\" role=\"img\" ><\/div>\n\t\t\t\t\t\t\t\t\t\t\t\t\t\t<\/a>\n\t\t\t\t\t\t\t<a class=\"e-gallery-item elementor-gallery-item elementor-animated-content\" href=\"https:\/\/secondsouffle.co\/wp-content\/uploads\/2020\/02\/modelisation-360-maison-2-scaled.jpg\" data-elementor-open-lightbox=\"yes\" data-elementor-lightbox-slideshow=\"e1a4461\" data-elementor-lightbox-title=\"modelisation-360-maison-2\" data-e-action-hash=\"#elementor-action%3Aaction%3Dlightbox%26settings%3DeyJpZCI6OTY3LCJ1cmwiOiJodHRwczpcL1wvc2Vjb25kc291ZmZsZS5jb1wvd3AtY29udGVudFwvdXBsb2Fkc1wvMjAyMFwvMDJcL21vZGVsaXNhdGlvbi0zNjAtbWFpc29uLTItc2NhbGVkLmpwZyIsInNsaWRlc2hvdyI6ImUxYTQ0NjEifQ%3D%3D\">\n\t\t\t\t\t<div class=\"e-gallery-image elementor-gallery-item__image\" data-thumbnail=\"https:\/\/secondsouffle.co\/wp-content\/uploads\/2020\/02\/modelisation-360-maison-2-768x439.jpg\" data-width=\"768\" data-height=\"439\" aria-label=\"\" role=\"img\" ><\/div>\n\t\t\t\t\t\t\t\t\t\t\t\t\t\t<\/a>\n\t\t\t\t\t\t\t<a class=\"e-gallery-item elementor-gallery-item elementor-animated-content\" href=\"https:\/\/secondsouffle.co\/wp-content\/uploads\/2020\/02\/modelisation-360-maison-scaled.jpg\" data-elementor-open-lightbox=\"yes\" data-elementor-lightbox-slideshow=\"e1a4461\" data-elementor-lightbox-title=\"modelisation-360-maison\" data-e-action-hash=\"#elementor-action%3Aaction%3Dlightbox%26settings%3DeyJpZCI6OTY2LCJ1cmwiOiJodHRwczpcL1wvc2Vjb25kc291ZmZsZS5jb1wvd3AtY29udGVudFwvdXBsb2Fkc1wvMjAyMFwvMDJcL21vZGVsaXNhdGlvbi0zNjAtbWFpc29uLXNjYWxlZC5qcGciLCJzbGlkZXNob3ciOiJlMWE0NDYxIn0%3D\">\n\t\t\t\t\t<div class=\"e-gallery-image elementor-gallery-item__image\" data-thumbnail=\"https:\/\/secondsouffle.co\/wp-content\/uploads\/2020\/02\/modelisation-360-maison-768x439.jpg\" data-width=\"768\" data-height=\"439\" aria-label=\"\" role=\"img\" ><\/div>\n\t\t\t\t\t\t\t\t\t\t\t\t\t\t<\/a>\n\t\t\t\t\t\t\t<a class=\"e-gallery-item elementor-gallery-item elementor-animated-content\" href=\"https:\/\/secondsouffle.co\/wp-content\/uploads\/2020\/02\/salle-de-bain-modelisation-360-2.jpg\" data-elementor-open-lightbox=\"yes\" data-elementor-lightbox-slideshow=\"e1a4461\" data-elementor-lightbox-title=\"salle-de-bain-modelisation-360-2\" data-e-action-hash=\"#elementor-action%3Aaction%3Dlightbox%26settings%3DeyJpZCI6OTY1LCJ1cmwiOiJodHRwczpcL1wvc2Vjb25kc291ZmZsZS5jb1wvd3AtY29udGVudFwvdXBsb2Fkc1wvMjAyMFwvMDJcL3NhbGxlLWRlLWJhaW4tbW9kZWxpc2F0aW9uLTM2MC0yLmpwZyIsInNsaWRlc2hvdyI6ImUxYTQ0NjEifQ%3D%3D\">\n\t\t\t\t\t<div class=\"e-gallery-image elementor-gallery-item__image\" data-thumbnail=\"https:\/\/secondsouffle.co\/wp-content\/uploads\/2020\/02\/salle-de-bain-modelisation-360-2-768x480.jpg\" data-width=\"768\" data-height=\"480\" aria-label=\"\" role=\"img\" ><\/div>\n\t\t\t\t\t\t\t\t\t\t\t\t\t\t<\/a>\n\t\t\t\t\t\t\t<a class=\"e-gallery-item elementor-gallery-item elementor-animated-content\" href=\"https:\/\/secondsouffle.co\/wp-content\/uploads\/2020\/03\/plan-3D-projet-18.jpg\" data-elementor-open-lightbox=\"yes\" data-elementor-lightbox-slideshow=\"e1a4461\" data-elementor-lightbox-title=\"Axo - Version 2-B\" data-e-action-hash=\"#elementor-action%3Aaction%3Dlightbox%26settings%3DeyJpZCI6MTAyMywidXJsIjoiaHR0cHM6XC9cL3NlY29uZHNvdWZmbGUuY29cL3dwLWNvbnRlbnRcL3VwbG9hZHNcLzIwMjBcLzAzXC9wbGFuLTNELXByb2pldC0xOC5qcGciLCJzbGlkZXNob3ciOiJlMWE0NDYxIn0%3D\">\n\t\t\t\t\t<div class=\"e-gallery-image elementor-gallery-item__image\" data-thumbnail=\"https:\/\/secondsouffle.co\/wp-content\/uploads\/2020\/03\/plan-3D-projet-18-768x389.jpg\" data-width=\"768\" data-height=\"389\" aria-label=\"\" role=\"img\" ><\/div>\n\t\t\t\t\t\t\t\t\t\t\t\t\t\t<\/a>\n\t\t\t\t\t\t\t<a class=\"e-gallery-item elementor-gallery-item elementor-animated-content\" href=\"https:\/\/secondsouffle.co\/wp-content\/uploads\/2020\/04\/Cuisine-version-2-B1.jpg\" data-elementor-open-lightbox=\"yes\" data-elementor-lightbox-slideshow=\"e1a4461\" data-elementor-lightbox-title=\"Cuisine version 2-B(1)\" data-e-action-hash=\"#elementor-action%3Aaction%3Dlightbox%26settings%3DeyJpZCI6MTg0MiwidXJsIjoiaHR0cHM6XC9cL3NlY29uZHNvdWZmbGUuY29cL3dwLWNvbnRlbnRcL3VwbG9hZHNcLzIwMjBcLzA0XC9DdWlzaW5lLXZlcnNpb24tMi1CMS5qcGciLCJzbGlkZXNob3ciOiJlMWE0NDYxIn0%3D\">\n\t\t\t\t\t<div class=\"e-gallery-image elementor-gallery-item__image\" data-thumbnail=\"https:\/\/secondsouffle.co\/wp-content\/uploads\/2020\/04\/Cuisine-version-2-B1-768x432.jpg\" data-width=\"768\" data-height=\"432\" aria-label=\"\" role=\"img\" ><\/div>\n\t\t\t\t\t\t\t\t\t\t\t\t\t\t<\/a>\n\t\t\t\t\t\t\t<a class=\"e-gallery-item elementor-gallery-item elementor-animated-content\" href=\"https:\/\/secondsouffle.co\/wp-content\/uploads\/2020\/04\/Vue-dessus-cuisine-Version-2-B1.jpg\" data-elementor-open-lightbox=\"yes\" data-elementor-lightbox-slideshow=\"e1a4461\" data-elementor-lightbox-title=\"Vue dessus cuisine Version 2-B(1)\" data-e-action-hash=\"#elementor-action%3Aaction%3Dlightbox%26settings%3DeyJpZCI6MTg0MSwidXJsIjoiaHR0cHM6XC9cL3NlY29uZHNvdWZmbGUuY29cL3dwLWNvbnRlbnRcL3VwbG9hZHNcLzIwMjBcLzA0XC9WdWUtZGVzc3VzLWN1aXNpbmUtVmVyc2lvbi0yLUIxLmpwZyIsInNsaWRlc2hvdyI6ImUxYTQ0NjEifQ%3D%3D\">\n\t\t\t\t\t<div class=\"e-gallery-image elementor-gallery-item__image\" data-thumbnail=\"https:\/\/secondsouffle.co\/wp-content\/uploads\/2020\/04\/Vue-dessus-cuisine-Version-2-B1-768x443.jpg\" data-width=\"768\" data-height=\"443\" aria-label=\"\" role=\"img\" ><\/div>\n\t\t\t\t\t\t\t\t\t\t\t\t\t\t<\/a>\n\t\t\t\t\t\t\t<a class=\"e-gallery-item elementor-gallery-item elementor-animated-content\" href=\"https:\/\/secondsouffle.co\/wp-content\/uploads\/2020\/06\/S\u00e9jour-1.jpg\" data-elementor-open-lightbox=\"yes\" data-elementor-lightbox-slideshow=\"e1a4461\" data-elementor-lightbox-title=\"S\u00e9jour\" data-e-action-hash=\"#elementor-action%3Aaction%3Dlightbox%26settings%3DeyJpZCI6NTk2NSwidXJsIjoiaHR0cHM6XC9cL3NlY29uZHNvdWZmbGUuY29cL3dwLWNvbnRlbnRcL3VwbG9hZHNcLzIwMjBcLzA2XC9TXHUwMGU5am91ci0xLmpwZyIsInNsaWRlc2hvdyI6ImUxYTQ0NjEifQ%3D%3D\">\n\t\t\t\t\t<div class=\"e-gallery-image elementor-gallery-item__image\" data-thumbnail=\"https:\/\/secondsouffle.co\/wp-content\/uploads\/2020\/06\/S\u00e9jour-768x432.jpg\" data-width=\"768\" data-height=\"432\" aria-label=\"\" role=\"img\" ><\/div>\n\t\t\t\t\t\t\t\t\t\t\t\t\t\t<\/a>\n\t\t\t\t\t\t\t<a class=\"e-gallery-item elementor-gallery-item elementor-animated-content\" href=\"https:\/\/secondsouffle.co\/wp-content\/uploads\/2020\/06\/S\u00e9jour-3-1.jpg\" data-elementor-open-lightbox=\"yes\" data-elementor-lightbox-slideshow=\"e1a4461\" data-elementor-lightbox-title=\"S\u00e9jour 3\" data-e-action-hash=\"#elementor-action%3Aaction%3Dlightbox%26settings%3DeyJpZCI6NTk2NCwidXJsIjoiaHR0cHM6XC9cL3NlY29uZHNvdWZmbGUuY29cL3dwLWNvbnRlbnRcL3VwbG9hZHNcLzIwMjBcLzA2XC9TXHUwMGU5am91ci0zLTEuanBnIiwic2xpZGVzaG93IjoiZTFhNDQ2MSJ9\">\n\t\t\t\t\t<div class=\"e-gallery-image elementor-gallery-item__image\" data-thumbnail=\"https:\/\/secondsouffle.co\/wp-content\/uploads\/2020\/06\/S\u00e9jour-3-768x432.jpg\" data-width=\"768\" data-height=\"432\" aria-label=\"\" role=\"img\" ><\/div>\n\t\t\t\t\t\t\t\t\t\t\t\t\t\t<\/a>\n\t\t\t\t\t\t\t<a class=\"e-gallery-item elementor-gallery-item elementor-animated-content\" href=\"https:\/\/secondsouffle.co\/wp-content\/uploads\/2020\/06\/Cuisine-2-1.jpg\" data-elementor-open-lightbox=\"yes\" data-elementor-lightbox-slideshow=\"e1a4461\" data-elementor-lightbox-title=\"Cuisine 2\" data-e-action-hash=\"#elementor-action%3Aaction%3Dlightbox%26settings%3DeyJpZCI6NTk1OSwidXJsIjoiaHR0cHM6XC9cL3NlY29uZHNvdWZmbGUuY29cL3dwLWNvbnRlbnRcL3VwbG9hZHNcLzIwMjBcLzA2XC9DdWlzaW5lLTItMS5qcGciLCJzbGlkZXNob3ciOiJlMWE0NDYxIn0%3D\">\n\t\t\t\t\t<div class=\"e-gallery-image elementor-gallery-item__image\" data-thumbnail=\"https:\/\/secondsouffle.co\/wp-content\/uploads\/2020\/06\/Cuisine-2-768x432.jpg\" data-width=\"768\" data-height=\"432\" aria-label=\"\" role=\"img\" ><\/div>\n\t\t\t\t\t\t\t\t\t\t\t\t\t\t<\/a>\n\t\t\t\t\t\t\t<a class=\"e-gallery-item elementor-gallery-item elementor-animated-content\" href=\"https:\/\/secondsouffle.co\/wp-content\/uploads\/2020\/02\/rendu-3D-salon.jpg\" data-elementor-open-lightbox=\"yes\" data-elementor-lightbox-slideshow=\"e1a4461\" data-elementor-lightbox-title=\"rendu-3D-salon\" data-e-action-hash=\"#elementor-action%3Aaction%3Dlightbox%26settings%3DeyJpZCI6OTc1LCJ1cmwiOiJodHRwczpcL1wvc2Vjb25kc291ZmZsZS5jb1wvd3AtY29udGVudFwvdXBsb2Fkc1wvMjAyMFwvMDJcL3JlbmR1LTNELXNhbG9uLmpwZyIsInNsaWRlc2hvdyI6ImUxYTQ0NjEifQ%3D%3D\">\n\t\t\t\t\t<div class=\"e-gallery-image elementor-gallery-item__image\" data-thumbnail=\"https:\/\/secondsouffle.co\/wp-content\/uploads\/2020\/02\/rendu-3D-salon-768x576.jpg\" data-width=\"768\" data-height=\"576\" aria-label=\"\" role=\"img\" ><\/div>\n\t\t\t\t\t\t\t\t\t\t\t\t\t\t<\/a>\n\t\t\t\t\t\t\t<a class=\"e-gallery-item elementor-gallery-item elementor-animated-content\" href=\"https:\/\/secondsouffle.co\/wp-content\/uploads\/2020\/02\/rendu-3D-appartement-chambre.jpg\" data-elementor-open-lightbox=\"yes\" data-elementor-lightbox-slideshow=\"e1a4461\" data-elementor-lightbox-title=\"rendu-3D-appartement-chambre\" data-e-action-hash=\"#elementor-action%3Aaction%3Dlightbox%26settings%3DeyJpZCI6OTY5LCJ1cmwiOiJodHRwczpcL1wvc2Vjb25kc291ZmZsZS5jb1wvd3AtY29udGVudFwvdXBsb2Fkc1wvMjAyMFwvMDJcL3JlbmR1LTNELWFwcGFydGVtZW50LWNoYW1icmUuanBnIiwic2xpZGVzaG93IjoiZTFhNDQ2MSJ9\">\n\t\t\t\t\t<div class=\"e-gallery-image elementor-gallery-item__image\" data-thumbnail=\"https:\/\/secondsouffle.co\/wp-content\/uploads\/2020\/02\/rendu-3D-appartement-chambre-768x1024.jpg\" data-width=\"768\" data-height=\"1024\" aria-label=\"\" role=\"img\" ><\/div>\n\t\t\t\t\t\t\t\t\t\t\t\t\t\t<\/a>\n\t\t\t\t\t<\/div>\n\t\t\t\t\t<\/div>\n\t\t\t\t<\/div>\n\t\t\t\t<div class=\"elementor-element elementor-element-a94e105 elementor-widget elementor-widget-spacer\" data-id=\"a94e105\" data-element_type=\"widget\" data-e-type=\"widget\" data-widget_type=\"spacer.default\">\n\t\t\t\t<div class=\"elementor-widget-container\">\n\t\t\t\t\t\t\t<div class=\"elementor-spacer\">\n\t\t\t<div class=\"elementor-spacer-inner\"><\/div>\n\t\t<\/div>\n\t\t\t\t\t\t<\/div>\n\t\t\t\t<\/div>\n\t\t\t\t<div class=\"elementor-element elementor-element-6aded42 ha-has-bg-overlay elementor-widget elementor-widget-heading\" data-id=\"6aded42\" data-element_type=\"widget\" data-e-type=\"widget\" data-widget_type=\"heading.default\">\n\t\t\t\t<div class=\"elementor-widget-container\">\n\t\t\t\t\t<h2 class=\"elementor-heading-title elementor-size-default\">Nos Mod\u00e9lisations 360\u00b0<\/h2>\t\t\t\t<\/div>\n\t\t\t\t<\/div>\n\t\t\t\t<div class=\"elementor-element elementor-element-6636361 ha-has-bg-overlay elementor-widget elementor-widget-heading\" data-id=\"6636361\" data-element_type=\"widget\" data-e-type=\"widget\" data-widget_type=\"heading.default\">\n\t\t\t\t<div class=\"elementor-widget-container\">\n\t\t\t\t\t<h2 class=\"elementor-heading-title elementor-size-default\">Nos Mod\u00e9lisations 360\u00b0<\/h2>\t\t\t\t<\/div>\n\t\t\t\t<\/div>\n\t\t\t\t<div class=\"elementor-element elementor-element-c133122 elementor-widget elementor-widget-html\" data-id=\"c133122\" data-element_type=\"widget\" data-e-type=\"widget\" data-widget_type=\"html.default\">\n\t\t\t\t<div class=\"elementor-widget-container\">\n\t\t\t\t\t<iframe id=\"\/tours\/l6zqv3273F\" allow=\"vr;accelerometer;gyroscope;fullscreen\" allowfullscreen frameborder=\"0\" width=\"100%\" height=\"500\" src=\"https:\/\/app.cloudpano.com\/tours\/l6zqv3273F\"><\/iframe>\t\t\t\t<\/div>\n\t\t\t\t<\/div>\n\t\t\t\t<div class=\"elementor-element elementor-element-87ea43d elementor-widget elementor-widget-shortcode\" data-id=\"87ea43d\" data-element_type=\"widget\" data-e-type=\"widget\" data-widget_type=\"shortcode.default\">\n\t\t\t\t<div class=\"elementor-widget-container\">\n\t\t\t\t\t\t\t<div class=\"elementor-shortcode\"><iframe id=\"\/tours\/T6iwv31I3f\" allow=\"vr;accelerometer;gyroscope;fullscreen\" allowfullscreen frameborder=\"0\" width=\"100%\" height=\"500\" src=\"https:\/\/app.cloudpano.com\/tours\/T6iwv31I3f\"><\/iframe><\/div>\n\t\t\t\t\t\t<\/div>\n\t\t\t\t<\/div>\n\t\t\t\t\t<\/div>\n\t\t<\/div>\n\t\t\t\t\t<\/div>\n\t\t<\/section>\n\t\t\t\t<section class=\"elementor-section elementor-top-section elementor-element elementor-element-3c16c63 elementor-section-content-middle elementor-hidden-tablet elementor-hidden-phone elementor-section-boxed elementor-section-height-default elementor-section-height-default\" data-id=\"3c16c63\" data-element_type=\"section\" data-e-type=\"section\" data-settings=\"{&quot;background_background&quot;:&quot;classic&quot;,&quot;_ha_eqh_enable&quot;:false}\">\n\t\t\t\t\t\t<div class=\"elementor-container elementor-column-gap-no\">\n\t\t\t\t\t<div class=\"elementor-column elementor-col-50 elementor-top-column elementor-element elementor-element-9cda458\" data-id=\"9cda458\" data-element_type=\"column\" data-e-type=\"column\">\n\t\t\t<div class=\"elementor-widget-wrap elementor-element-populated\">\n\t\t\t\t\t\t<div class=\"elementor-element elementor-element-75b085a elementor-widget elementor-widget-heading\" data-id=\"75b085a\" data-element_type=\"widget\" data-e-type=\"widget\" data-widget_type=\"heading.default\">\n\t\t\t\t<div class=\"elementor-widget-container\">\n\t\t\t\t\t<h3 class=\"elementor-heading-title elementor-size-default\">95% de nos clients, nous ont recommand\u00e9 !<\/h3>\t\t\t\t<\/div>\n\t\t\t\t<\/div>\n\t\t\t\t<div class=\"elementor-element elementor-element-467ff15 elementor-widget elementor-widget-text-editor\" data-id=\"467ff15\" data-element_type=\"widget\" data-e-type=\"widget\" data-widget_type=\"text-editor.default\">\n\t\t\t\t<div class=\"elementor-widget-container\">\n\t\t\t\t\t\t\t\t\t<p>Un projet cl\u00e9 en main r\u00e9alis\u00e9 par des artisans comp\u00e9tents<\/p>\t\t\t\t\t\t\t\t<\/div>\n\t\t\t\t<\/div>\n\t\t\t\t\t<\/div>\n\t\t<\/div>\n\t\t\t\t<div class=\"elementor-column elementor-col-50 elementor-top-column elementor-element elementor-element-3810401\" data-id=\"3810401\" data-element_type=\"column\" data-e-type=\"column\" data-settings=\"{&quot;background_background&quot;:&quot;classic&quot;}\">\n\t\t\t<div class=\"elementor-widget-wrap elementor-element-populated\">\n\t\t\t\t\t\t<div class=\"elementor-element elementor-element-2baaf2a elementor-tablet-align-center ha-css-transform-yes elementor-mobile-align-left elementor-invisible elementor-widget elementor-widget-button\" data-id=\"2baaf2a\" data-element_type=\"widget\" data-e-type=\"widget\" data-settings=\"{&quot;motion_fx_motion_fx_scrolling&quot;:&quot;yes&quot;,&quot;_animation&quot;:&quot;fadeInUp&quot;,&quot;motion_fx_devices&quot;:[&quot;desktop&quot;,&quot;tablet&quot;,&quot;mobile&quot;]}\" data-widget_type=\"button.default\">\n\t\t\t\t<div class=\"elementor-widget-container\">\n\t\t\t\t\t\t\t\t\t<div class=\"elementor-button-wrapper\">\n\t\t\t\t\t<a class=\"elementor-button elementor-button-link elementor-size-xs elementor-animation-float\" href=\"https:\/\/secondsouffle.co\/index.php\/contact\/\">\n\t\t\t\t\t\t<span class=\"elementor-button-content-wrapper\">\n\t\t\t\t\t\t\t\t\t<span class=\"elementor-button-text\">J'estime mon projet de r\u00e9novation<\/span>\n\t\t\t\t\t<\/span>\n\t\t\t\t\t<\/a>\n\t\t\t\t<\/div>\n\t\t\t\t\t\t\t\t<\/div>\n\t\t\t\t<\/div>\n\t\t\t\t<div class=\"elementor-element elementor-element-1bfaae1 elementor-widget elementor-widget-text-editor\" data-id=\"1bfaae1\" data-element_type=\"widget\" data-e-type=\"widget\" data-widget_type=\"text-editor.default\">\n\t\t\t\t<div class=\"elementor-widget-container\">\n\t\t\t\t\t\t\t\t\t<p style=\"text-align: center;\">100% gratuit \u2022 r\u00e9ponse en quelques heures<\/p>\t\t\t\t\t\t\t\t<\/div>\n\t\t\t\t<\/div>\n\t\t\t\t\t<\/div>\n\t\t<\/div>\n\t\t\t\t\t<\/div>\n\t\t<\/section>\n\t\t\t\t<\/div>\n\t\t","protected":false},"excerpt":{"rendered":"<p>Nos mod\u00e9lisations 3D ET 360\u00b0 Nos Mod\u00e9lisations 3D Nos Mod\u00e9lisations 360\u00b0 Nos Mod\u00e9lisations 360\u00b0 95% de nos clients, nous ont recommand\u00e9 ! Un projet cl\u00e9 en main r\u00e9alis\u00e9 par des artisans comp\u00e9tents J&rsquo;estime mon projet de r\u00e9novation 100% gratuit \u2022 r\u00e9ponse en quelques heures<\/p>\n","protected":false},"author":1,"featured_media":0,"parent":0,"menu_order":0,"comment_status":"closed","ping_status":"closed","template":"","meta":{"_monsterinsights_skip_tracking":false,"_monsterinsights_sitenote_active":false,"_monsterinsights_sitenote_note":"","_monsterinsights_sitenote_category":0,"footnotes":""},"class_list":["post-923","page","type-page","status-publish","hentry"],"aioseo_notices":[],"amp_enabled":true,"_links":{"self":[{"href":"https:\/\/secondsouffle.co\/index.php\/wp-json\/wp\/v2\/pages\/923","targetHints":{"allow":["GET"]}}],"collection":[{"href":"https:\/\/secondsouffle.co\/index.php\/wp-json\/wp\/v2\/pages"}],"about":[{"href":"https:\/\/secondsouffle.co\/index.php\/wp-json\/wp\/v2\/types\/page"}],"author":[{"embeddable":true,"href":"https:\/\/secondsouffle.co\/index.php\/wp-json\/wp\/v2\/users\/1"}],"replies":[{"embeddable":true,"href":"https:\/\/secondsouffle.co\/index.php\/wp-json\/wp\/v2\/comments?post=923"}],"version-history":[{"count":0,"href":"https:\/\/secondsouffle.co\/index.php\/wp-json\/wp\/v2\/pages\/923\/revisions"}],"wp:attachment":[{"href":"https:\/\/secondsouffle.co\/index.php\/wp-json\/wp\/v2\/media?parent=923"}],"curies":[{"name":"wp","href":"https:\/\/api.w.org\/{rel}","templated":true}]}}